{"id":50,"date":"2022-12-03T14:27:42","date_gmt":"2022-12-03T14:27:42","guid":{"rendered":"https:\/\/demo-dirweb.it\/albatrans\/?page_id=50"},"modified":"2024-02-08T14:24:49","modified_gmt":"2024-02-08T12:24:49","slug":"etica-privacy","status":"publish","type":"page","link":"https:\/\/albatrans.com\/it\/etica-privacy\/","title":{"rendered":"Etica &#038; privacy"},"content":{"rendered":"\t\t<div data-elementor-type=\"wp-page\" data-elementor-id=\"50\" class=\"elementor elementor-50\" data-elementor-post-type=\"page\">\n\t\t\t\t\t\t<section class=\"elementor-section elementor-top-section elementor-element elementor-element-5f645a7f video-testata elementor-section-boxed elementor-section-height-default elementor-section-height-default\" data-id=\"5f645a7f\" data-element_type=\"section\" data-settings=\"{&quot;background_background&quot;:&quot;classic&quot;}\">\n\t\t\t\t\t\t<div class=\"elementor-container elementor-column-gap-default\">\n\t\t\t\t\t<div class=\"elementor-column elementor-col-100 elementor-top-column elementor-element elementor-element-67ffe20a\" data-id=\"67ffe20a\" data-element_type=\"column\">\n\t\t\t<div class=\"elementor-widget-wrap elementor-element-populated\">\n\t\t\t\t\t\t<div class=\"elementor-element elementor-element-4ec8300a elementor-widget elementor-widget-shortcode\" data-id=\"4ec8300a\" data-element_type=\"widget\" data-widget_type=\"shortcode.default\">\n\t\t\t\t<div class=\"elementor-widget-container\">\n\t\t\t\t\t\t\t<div class=\"elementor-shortcode\">\t<div class=\"container testi-testata\">\n\t\t<h3 class=\"orange titolo-pagina\">Etica &#038; privacy<\/h3>\n\t\t<h1>Principi e linee guida aziendali<\/h1>\n\t<\/div>\n    <\/div>\n\t\t\t\t\t\t<\/div>\n\t\t\t\t<\/div>\n\t\t\t\t\t<\/div>\n\t\t<\/div>\n\t\t\t\t\t<\/div>\n\t\t<\/section>\n\t\t\t\t<section class=\"elementor-section elementor-top-section elementor-element elementor-element-5a83525a container-fluid border-bottom-dashed elementor-section-boxed elementor-section-height-default elementor-section-height-default\" data-id=\"5a83525a\" data-element_type=\"section\">\n\t\t\t\t\t\t<div class=\"elementor-container elementor-column-gap-default\">\n\t\t\t\t\t<div class=\"elementor-column elementor-col-100 elementor-top-column elementor-element elementor-element-7771189f\" data-id=\"7771189f\" data-element_type=\"column\">\n\t\t\t<div class=\"elementor-widget-wrap elementor-element-populated\">\n\t\t\t\t\t\t<div class=\"elementor-element elementor-element-50f97209 elementor-widget elementor-widget-shortcode\" data-id=\"50f97209\" data-element_type=\"widget\" data-widget_type=\"shortcode.default\">\n\t\t\t\t<div class=\"elementor-widget-container\">\n\t\t\t\t\t\t\t<div class=\"elementor-shortcode\">\t<ul id=\"breadcrumbs\" class=\"breadcrumb w-100 px-1\"><li class=\"item-home\"><a class=\"bread-link bread-home\" href=\"https:\/\/albatrans.com\/it\/\" title=\"Home\">Home<\/a><\/li><li class=\"separator separator-home\">  \/  <\/li><\/ul>\t\n\t\t\t<\/div>\n\t\t\t\t\t\t<\/div>\n\t\t\t\t<\/div>\n\t\t\t\t\t<\/div>\n\t\t<\/div>\n\t\t\t\t\t<\/div>\n\t\t<\/section>\n\t\t\t\t<section class=\"elementor-section elementor-top-section elementor-element elementor-element-b6af0d5 py-5 elementor-section-boxed elementor-section-height-default elementor-section-height-default\" data-id=\"b6af0d5\" data-element_type=\"section\">\n\t\t\t\t\t\t<div class=\"elementor-container elementor-column-gap-default\">\n\t\t\t\t\t<div class=\"elementor-column elementor-col-100 elementor-top-column elementor-element elementor-element-333bab48\" data-id=\"333bab48\" data-element_type=\"column\">\n\t\t\t<div class=\"elementor-widget-wrap elementor-element-populated\">\n\t\t\t\t\t\t<section class=\"elementor-section elementor-inner-section elementor-element elementor-element-db10d6c elementor-section-boxed elementor-section-height-default elementor-section-height-default\" data-id=\"db10d6c\" data-element_type=\"section\">\n\t\t\t\t\t\t<div class=\"elementor-container elementor-column-gap-default\">\n\t\t\t\t\t<div class=\"elementor-column elementor-col-50 elementor-inner-column elementor-element elementor-element-5c1d8335 my-auto pr-md-5\" data-id=\"5c1d8335\" data-element_type=\"column\">\n\t\t\t<div class=\"elementor-widget-wrap elementor-element-populated\">\n\t\t\t\t\t\t<div class=\"elementor-element elementor-element-1a0f8b7c elementor-widget elementor-widget-text-editor\" data-id=\"1a0f8b7c\" data-element_type=\"widget\" data-widget_type=\"text-editor.default\">\n\t\t\t\t<div class=\"elementor-widget-container\">\n\t\t\t\t\t\t\t\t\t<h2 class=\"p1\">Politica aziendale<\/h2><p>In Albatrans, ci impegniamo per il miglioramento continuo della <b>sostenibilit\u00e0 economica<\/b>, <b>sociale<\/b>, <b>ambientale<\/b> ed <b>etica dello sviluppo<\/b> della nostra azienda. Abbiamo implementato un <em>Modello di organizzazione e gestione ai sensi del Decreto Legislativo 231\/01 <\/em>ed abbiamo provveduto ad approvare un <b>Codice Etico<\/b> nel cui ambito sono definiti i principi aziendali e le linee guida a cui i dipendenti, e coloro che a vario titolo interagiscono con la Societ\u00e0, sono tenuti ad attenersi.<\/p><h2>\u00a0<\/h2><h2><b>Clausola etica<\/b><\/h2><p>Crediamo fermamente che favorire <b>relazioni trasparenti<\/b> con i nostri fornitori e dare priorit\u00e0 a qualit\u00e0, sicurezza, conformit\u00e0 ambientale, adesione agli accordi commerciali e alle leggi e regolamenti pertinenti, siano prerequisiti essenziali per ottenere risultati superiori nel complesso e interconnesso panorama economico di oggi. In linea con questa convinzione, abbiamo stabilito la <b>Clausola etica<\/b>, che dettaglia le regole fondamentali che guidano le nostre relazioni con partner e fornitori.<\/p><h2>\u00a0<\/h2><h2><b>Corporate Governance<\/b><\/h2><p>Il nostro impegno per le pratiche etiche \u00e8 ulteriormente dimostrato attraverso:<\/p><ul><li>Modello di organizzazione e gestione ai sensi del Decreto Legislativo 231\/2001<\/li><li><a href=\"https:\/\/albatrans.com\/wp-content\/uploads\/2024\/01\/Codice-Etico-Albatrans-20092017-Rev.-2-1.pdf\" target=\"_blank\" rel=\"noopener\">Codice etico<\/a><\/li><li><a href=\"https:\/\/albatrans.com\/wp-content\/uploads\/2024\/01\/Linee-Guida-Anticorruzione-Albatrans-20092017-Rev.-1-1.pdf\" target=\"_blank\" rel=\"noopener\">Linee guida anticorruzione<\/a><\/li><li><a href=\"https:\/\/albatrans.com\/segnalazioni-organismo-di-vigilanza\/\">Organismo di Vigilanza &#8211; Whistleblowing<\/a><\/li><\/ul>\t\t\t\t\t\t\t\t<\/div>\n\t\t\t\t<\/div>\n\t\t\t\t\t<\/div>\n\t\t<\/div>\n\t\t\t\t<div class=\"elementor-column elementor-col-50 elementor-inner-column elementor-element elementor-element-7f0bf801\" data-id=\"7f0bf801\" data-element_type=\"column\">\n\t\t\t<div class=\"elementor-widget-wrap elementor-element-populated\">\n\t\t\t\t\t\t<div class=\"elementor-element elementor-element-631498c6 img-bordo elementor-widget elementor-widget-image\" data-id=\"631498c6\" data-element_type=\"widget\" data-widget_type=\"image.default\">\n\t\t\t\t<div class=\"elementor-widget-container\">\n\t\t\t\t\t\t\t\t\t\t\t\t\t\t\t<img fetchpriority=\"high\" decoding=\"async\" width=\"1110\" height=\"794\" src=\"https:\/\/albatrans.com\/wp-content\/uploads\/2023\/12\/azienda-albatrans-1110x794.jpg\" class=\"attachment-large size-large wp-image-2860\" alt=\"\" srcset=\"https:\/\/albatrans.com\/wp-content\/uploads\/2023\/12\/azienda-albatrans-1110x794.jpg 1110w, https:\/\/albatrans.com\/wp-content\/uploads\/2023\/12\/azienda-albatrans-419x300.jpg 419w, https:\/\/albatrans.com\/wp-content\/uploads\/2023\/12\/azienda-albatrans-768x550.jpg 768w, https:\/\/albatrans.com\/wp-content\/uploads\/2023\/12\/azienda-albatrans.jpg 1400w\" sizes=\"(max-width: 1110px) 100vw, 1110px\" \/>\t\t\t\t\t\t\t\t\t\t\t\t\t\t\t<\/div>\n\t\t\t\t<\/div>\n\t\t\t\t<div class=\"elementor-element elementor-element-7ab3923 elementor-widget elementor-widget-text-editor\" data-id=\"7ab3923\" data-element_type=\"widget\" data-widget_type=\"text-editor.default\">\n\t\t\t\t<div class=\"elementor-widget-container\">\n\t\t\t\t\t\t\t\t\t<h2>Politica di riservatezza<\/h2>\n<p>La <b>protezione dei dati<\/b> dei nostri stakeholder \u00e8 di massima importanza per noi. La nostra Web Privacy Policy e l\u2019informativa Cookies spiegano quali informazioni raccogliamo, con chi possiamo condividere tali informazioni e quali scelte possono essere fatte in merito al nostro utilizzo di tali informazioni.<\/p>\n<h2>Privacy<\/h2>\n<p><a href=\"https:\/\/albatrans.com\/privacy-policy\/\">Web Privacy Policy<\/a><\/p>\n<p><a href=\"https:\/\/albatrans.com\/cookies-policy\/\">Informativa Cookie<\/a><\/p>\n<h2>Informative<\/h2>\n<p><a href=\"https:\/\/albatrans.com\/etica-privacy\/informativa-cliente-fornitore\/\">Informativa Cliente-Fornitore<\/a><\/p>\t\t\t\t\t\t\t\t<\/div>\n\t\t\t\t<\/div>\n\t\t\t\t\t<\/div>\n\t\t<\/div>\n\t\t\t\t\t<\/div>\n\t\t<\/section>\n\t\t\t\t\t<\/div>\n\t\t<\/div>\n\t\t\t\t\t<\/div>\n\t\t<\/section>\n\t\t\t\t<\/div>\n\t\t","protected":false},"excerpt":{"rendered":"<p>Politica aziendale In Albatrans, ci impegniamo per il miglioramento continuo della sostenibilit\u00e0 economica, sociale, ambientale ed etica dello sviluppo della nostra azienda. Abbiamo implementato un Modello di organizzazione e gestione ai sensi del Decreto Legislativo 231\/01 ed abbiamo provveduto ad approvare un Codice Etico nel cui ambito sono definiti i principi aziendali e le linee&#8230;<\/p>\n","protected":false},"author":1,"featured_media":848,"parent":0,"menu_order":0,"comment_status":"closed","ping_status":"closed","template":"","meta":{"_acf_changed":false,"footnotes":""},"class_list":["post-50","page","type-page","status-publish","has-post-thumbnail","hentry"],"acf":[],"yoast_head":"<!-- This site is optimized with the Yoast SEO plugin v25.7 - https:\/\/yoast.com\/wordpress\/plugins\/seo\/ -->\n<title>Principi e linee guida aziendali, Etica e Privacy Albatrans S.P.A.<\/title>\n<meta name=\"description\" content=\"In Albatrans, ci impegniamo per il miglioramento continuo della sostenibilit\u00e0 economica, sociale, ambientale ed etica dello sviluppo della nostra azienda.\" \/>\n<meta name=\"robots\" content=\"index, follow, max-snippet:-1, max-image-preview:large, max-video-preview:-1\" \/>\n<link rel=\"canonical\" href=\"https:\/\/albatrans.com\/it\/etica-privacy\/\" \/>\n<meta property=\"og:locale\" content=\"it_IT\" \/>\n<meta property=\"og:type\" content=\"article\" \/>\n<meta property=\"og:title\" content=\"Principi e linee guida aziendali, Etica e Privacy Albatrans S.P.A.\" \/>\n<meta property=\"og:description\" content=\"In Albatrans, ci impegniamo per il miglioramento continuo della sostenibilit\u00e0 economica, sociale, ambientale ed etica dello sviluppo della nostra azienda.\" \/>\n<meta property=\"og:url\" content=\"https:\/\/albatrans.com\/it\/etica-privacy\/\" \/>\n<meta property=\"og:site_name\" content=\"Albatrans\" \/>\n<meta property=\"article:modified_time\" content=\"2024-02-08T12:24:49+00:00\" \/>\n<meta property=\"og:image\" content=\"https:\/\/albatrans.com\/wp-content\/uploads\/2023\/01\/AdobeStock_551298606_testata.jpg\" \/>\n\t<meta property=\"og:image:width\" content=\"1000\" \/>\n\t<meta property=\"og:image:height\" content=\"187\" \/>\n\t<meta property=\"og:image:type\" content=\"image\/jpeg\" \/>\n<meta name=\"twitter:card\" content=\"summary_large_image\" \/>\n<meta name=\"twitter:label1\" content=\"Tempo di lettura stimato\" \/>\n\t<meta name=\"twitter:data1\" content=\"2 minuti\" \/>\n<script type=\"application\/ld+json\" class=\"yoast-schema-graph\">{\"@context\":\"https:\/\/schema.org\",\"@graph\":[{\"@type\":\"WebPage\",\"@id\":\"https:\/\/albatrans.com\/it\/etica-privacy\/\",\"url\":\"https:\/\/albatrans.com\/it\/etica-privacy\/\",\"name\":\"Principi e linee guida aziendali, Etica e Privacy Albatrans S.P.A.\",\"isPartOf\":{\"@id\":\"https:\/\/albatrans.com\/it\/#website\"},\"primaryImageOfPage\":{\"@id\":\"https:\/\/albatrans.com\/it\/etica-privacy\/#primaryimage\"},\"image\":{\"@id\":\"https:\/\/albatrans.com\/it\/etica-privacy\/#primaryimage\"},\"thumbnailUrl\":\"https:\/\/albatrans.com\/wp-content\/uploads\/2023\/01\/AdobeStock_551298606_testata.jpg\",\"datePublished\":\"2022-12-03T14:27:42+00:00\",\"dateModified\":\"2024-02-08T12:24:49+00:00\",\"description\":\"In Albatrans, ci impegniamo per il miglioramento continuo della sostenibilit\u00e0 economica, sociale, ambientale ed etica dello sviluppo della nostra azienda.\",\"breadcrumb\":{\"@id\":\"https:\/\/albatrans.com\/it\/etica-privacy\/#breadcrumb\"},\"inLanguage\":\"it-IT\",\"potentialAction\":[{\"@type\":\"ReadAction\",\"target\":[\"https:\/\/albatrans.com\/it\/etica-privacy\/\"]}]},{\"@type\":\"ImageObject\",\"inLanguage\":\"it-IT\",\"@id\":\"https:\/\/albatrans.com\/it\/etica-privacy\/#primaryimage\",\"url\":\"https:\/\/albatrans.com\/wp-content\/uploads\/2023\/01\/AdobeStock_551298606_testata.jpg\",\"contentUrl\":\"https:\/\/albatrans.com\/wp-content\/uploads\/2023\/01\/AdobeStock_551298606_testata.jpg\",\"width\":1000,\"height\":187},{\"@type\":\"BreadcrumbList\",\"@id\":\"https:\/\/albatrans.com\/it\/etica-privacy\/#breadcrumb\",\"itemListElement\":[{\"@type\":\"ListItem\",\"position\":1,\"name\":\"Home\",\"item\":\"https:\/\/albatrans.com\/it\/\"},{\"@type\":\"ListItem\",\"position\":2,\"name\":\"Etica &#038; privacy\"}]},{\"@type\":\"WebSite\",\"@id\":\"https:\/\/albatrans.com\/it\/#website\",\"url\":\"https:\/\/albatrans.com\/it\/\",\"name\":\"Albatrans\",\"description\":\"Professional service, Personal touch\",\"publisher\":{\"@id\":\"https:\/\/albatrans.com\/it\/#organization\"},\"potentialAction\":[{\"@type\":\"SearchAction\",\"target\":{\"@type\":\"EntryPoint\",\"urlTemplate\":\"https:\/\/albatrans.com\/it\/?s={search_term_string}\"},\"query-input\":{\"@type\":\"PropertyValueSpecification\",\"valueRequired\":true,\"valueName\":\"search_term_string\"}}],\"inLanguage\":\"it-IT\"},{\"@type\":\"Organization\",\"@id\":\"https:\/\/albatrans.com\/it\/#organization\",\"name\":\"Albatrans\",\"url\":\"https:\/\/albatrans.com\/it\/\",\"logo\":{\"@type\":\"ImageObject\",\"inLanguage\":\"it-IT\",\"@id\":\"https:\/\/albatrans.com\/it\/#\/schema\/logo\/image\/\",\"url\":\"https:\/\/albatrans.com\/wp-content\/uploads\/2022\/12\/logo.svg\",\"contentUrl\":\"https:\/\/albatrans.com\/wp-content\/uploads\/2022\/12\/logo.svg\",\"width\":416,\"height\":109,\"caption\":\"Albatrans\"},\"image\":{\"@id\":\"https:\/\/albatrans.com\/it\/#\/schema\/logo\/image\/\"}}]}<\/script>\n<!-- \/ Yoast SEO plugin. -->","yoast_head_json":{"title":"Principi e linee guida aziendali, Etica e Privacy Albatrans S.P.A.","description":"In Albatrans, ci impegniamo per il miglioramento continuo della sostenibilit\u00e0 economica, sociale, ambientale ed etica dello sviluppo della nostra azienda.","robots":{"index":"index","follow":"follow","max-snippet":"max-snippet:-1","max-image-preview":"max-image-preview:large","max-video-preview":"max-video-preview:-1"},"canonical":"https:\/\/albatrans.com\/it\/etica-privacy\/","og_locale":"it_IT","og_type":"article","og_title":"Principi e linee guida aziendali, Etica e Privacy Albatrans S.P.A.","og_description":"In Albatrans, ci impegniamo per il miglioramento continuo della sostenibilit\u00e0 economica, sociale, ambientale ed etica dello sviluppo della nostra azienda.","og_url":"https:\/\/albatrans.com\/it\/etica-privacy\/","og_site_name":"Albatrans","article_modified_time":"2024-02-08T12:24:49+00:00","og_image":[{"width":1000,"height":187,"url":"https:\/\/albatrans.com\/wp-content\/uploads\/2023\/01\/AdobeStock_551298606_testata.jpg","type":"image\/jpeg"}],"twitter_card":"summary_large_image","twitter_misc":{"Tempo di lettura stimato":"2 minuti"},"schema":{"@context":"https:\/\/schema.org","@graph":[{"@type":"WebPage","@id":"https:\/\/albatrans.com\/it\/etica-privacy\/","url":"https:\/\/albatrans.com\/it\/etica-privacy\/","name":"Principi e linee guida aziendali, Etica e Privacy Albatrans S.P.A.","isPartOf":{"@id":"https:\/\/albatrans.com\/it\/#website"},"primaryImageOfPage":{"@id":"https:\/\/albatrans.com\/it\/etica-privacy\/#primaryimage"},"image":{"@id":"https:\/\/albatrans.com\/it\/etica-privacy\/#primaryimage"},"thumbnailUrl":"https:\/\/albatrans.com\/wp-content\/uploads\/2023\/01\/AdobeStock_551298606_testata.jpg","datePublished":"2022-12-03T14:27:42+00:00","dateModified":"2024-02-08T12:24:49+00:00","description":"In Albatrans, ci impegniamo per il miglioramento continuo della sostenibilit\u00e0 economica, sociale, ambientale ed etica dello sviluppo della nostra azienda.","breadcrumb":{"@id":"https:\/\/albatrans.com\/it\/etica-privacy\/#breadcrumb"},"inLanguage":"it-IT","potentialAction":[{"@type":"ReadAction","target":["https:\/\/albatrans.com\/it\/etica-privacy\/"]}]},{"@type":"ImageObject","inLanguage":"it-IT","@id":"https:\/\/albatrans.com\/it\/etica-privacy\/#primaryimage","url":"https:\/\/albatrans.com\/wp-content\/uploads\/2023\/01\/AdobeStock_551298606_testata.jpg","contentUrl":"https:\/\/albatrans.com\/wp-content\/uploads\/2023\/01\/AdobeStock_551298606_testata.jpg","width":1000,"height":187},{"@type":"BreadcrumbList","@id":"https:\/\/albatrans.com\/it\/etica-privacy\/#breadcrumb","itemListElement":[{"@type":"ListItem","position":1,"name":"Home","item":"https:\/\/albatrans.com\/it\/"},{"@type":"ListItem","position":2,"name":"Etica &#038; privacy"}]},{"@type":"WebSite","@id":"https:\/\/albatrans.com\/it\/#website","url":"https:\/\/albatrans.com\/it\/","name":"Albatrans","description":"Professional service, Personal touch","publisher":{"@id":"https:\/\/albatrans.com\/it\/#organization"},"potentialAction":[{"@type":"SearchAction","target":{"@type":"EntryPoint","urlTemplate":"https:\/\/albatrans.com\/it\/?s={search_term_string}"},"query-input":{"@type":"PropertyValueSpecification","valueRequired":true,"valueName":"search_term_string"}}],"inLanguage":"it-IT"},{"@type":"Organization","@id":"https:\/\/albatrans.com\/it\/#organization","name":"Albatrans","url":"https:\/\/albatrans.com\/it\/","logo":{"@type":"ImageObject","inLanguage":"it-IT","@id":"https:\/\/albatrans.com\/it\/#\/schema\/logo\/image\/","url":"https:\/\/albatrans.com\/wp-content\/uploads\/2022\/12\/logo.svg","contentUrl":"https:\/\/albatrans.com\/wp-content\/uploads\/2022\/12\/logo.svg","width":416,"height":109,"caption":"Albatrans"},"image":{"@id":"https:\/\/albatrans.com\/it\/#\/schema\/logo\/image\/"}}]}},"_links":{"self":[{"href":"https:\/\/albatrans.com\/it\/wp-json\/wp\/v2\/pages\/50","targetHints":{"allow":["GET"]}}],"collection":[{"href":"https:\/\/albatrans.com\/it\/wp-json\/wp\/v2\/pages"}],"about":[{"href":"https:\/\/albatrans.com\/it\/wp-json\/wp\/v2\/types\/page"}],"author":[{"embeddable":true,"href":"https:\/\/albatrans.com\/it\/wp-json\/wp\/v2\/users\/1"}],"replies":[{"embeddable":true,"href":"https:\/\/albatrans.com\/it\/wp-json\/wp\/v2\/comments?post=50"}],"version-history":[{"count":70,"href":"https:\/\/albatrans.com\/it\/wp-json\/wp\/v2\/pages\/50\/revisions"}],"predecessor-version":[{"id":4720,"href":"https:\/\/albatrans.com\/it\/wp-json\/wp\/v2\/pages\/50\/revisions\/4720"}],"wp:featuredmedia":[{"embeddable":true,"href":"https:\/\/albatrans.com\/it\/wp-json\/wp\/v2\/media\/848"}],"wp:attachment":[{"href":"https:\/\/albatrans.com\/it\/wp-json\/wp\/v2\/media?parent=50"}],"curies":[{"name":"wp","href":"https:\/\/api.w.org\/{rel}","templated":true}]}}