{"id":48,"date":"2022-12-03T14:27:29","date_gmt":"2022-12-03T14:27:29","guid":{"rendered":"https:\/\/demo-dirweb.it\/albatrans\/?page_id=48"},"modified":"2024-01-22T21:12:01","modified_gmt":"2024-01-22T19:12:01","slug":"qualita-ambiente","status":"publish","type":"page","link":"https:\/\/albatrans.com\/it\/qualita-ambiente\/","title":{"rendered":"Qualit\u00e0 &#038; ambiente"},"content":{"rendered":"\t\t<div data-elementor-type=\"wp-page\" data-elementor-id=\"48\" class=\"elementor elementor-48\" data-elementor-post-type=\"page\">\n\t\t\t\t\t\t<section class=\"elementor-section elementor-top-section elementor-element elementor-element-3247fe66 video-testata elementor-section-boxed elementor-section-height-default elementor-section-height-default\" data-id=\"3247fe66\" data-element_type=\"section\" data-settings=\"{&quot;background_background&quot;:&quot;classic&quot;}\">\n\t\t\t\t\t\t<div class=\"elementor-container elementor-column-gap-default\">\n\t\t\t\t\t<div class=\"elementor-column elementor-col-100 elementor-top-column elementor-element elementor-element-3e327ca9\" data-id=\"3e327ca9\" data-element_type=\"column\">\n\t\t\t<div class=\"elementor-widget-wrap elementor-element-populated\">\n\t\t\t\t\t\t<div class=\"elementor-element elementor-element-96c5998 elementor-widget elementor-widget-shortcode\" data-id=\"96c5998\" data-element_type=\"widget\" data-widget_type=\"shortcode.default\">\n\t\t\t\t<div class=\"elementor-widget-container\">\n\t\t\t\t\t\t\t<div class=\"elementor-shortcode\">\t<div class=\"container testi-testata\">\n\t\t<h3 class=\"orange titolo-pagina\">Qualit\u00e0 &#038; ambiente<\/h3>\n\t\t<h1>Crescita e professionalit\u00e0 abbinate <br>a responsabilit\u00e0 sociale d\u2019impresa<\/h1>\n\t<\/div>\n    <\/div>\n\t\t\t\t\t\t<\/div>\n\t\t\t\t<\/div>\n\t\t\t\t\t<\/div>\n\t\t<\/div>\n\t\t\t\t\t<\/div>\n\t\t<\/section>\n\t\t\t\t<section class=\"elementor-section elementor-top-section elementor-element elementor-element-679a665b container-fluid border-bottom-dashed elementor-section-boxed elementor-section-height-default elementor-section-height-default\" data-id=\"679a665b\" data-element_type=\"section\">\n\t\t\t\t\t\t<div class=\"elementor-container elementor-column-gap-default\">\n\t\t\t\t\t<div class=\"elementor-column elementor-col-100 elementor-top-column elementor-element elementor-element-6f07086f\" data-id=\"6f07086f\" data-element_type=\"column\">\n\t\t\t<div class=\"elementor-widget-wrap elementor-element-populated\">\n\t\t\t\t\t\t<div class=\"elementor-element elementor-element-958c818 elementor-widget elementor-widget-shortcode\" data-id=\"958c818\" data-element_type=\"widget\" data-widget_type=\"shortcode.default\">\n\t\t\t\t<div class=\"elementor-widget-container\">\n\t\t\t\t\t\t\t<div class=\"elementor-shortcode\">\t<ul id=\"breadcrumbs\" class=\"breadcrumb w-100 px-1\"><li class=\"item-home\"><a class=\"bread-link bread-home\" href=\"https:\/\/albatrans.com\/it\/\" title=\"Home\">Home<\/a><\/li><li class=\"separator separator-home\">  \/  <\/li><\/ul>\t\n\t\t\t<\/div>\n\t\t\t\t\t\t<\/div>\n\t\t\t\t<\/div>\n\t\t\t\t\t<\/div>\n\t\t<\/div>\n\t\t\t\t\t<\/div>\n\t\t<\/section>\n\t\t\t\t<section class=\"elementor-section elementor-top-section elementor-element elementor-element-57a173bf py-5 elementor-section-boxed elementor-section-height-default elementor-section-height-default\" data-id=\"57a173bf\" data-element_type=\"section\">\n\t\t\t\t\t\t<div class=\"elementor-container elementor-column-gap-default\">\n\t\t\t\t\t<div class=\"elementor-column elementor-col-100 elementor-top-column elementor-element elementor-element-626b9c9f\" data-id=\"626b9c9f\" data-element_type=\"column\">\n\t\t\t<div class=\"elementor-widget-wrap elementor-element-populated\">\n\t\t\t\t\t\t<section class=\"elementor-section elementor-inner-section elementor-element elementor-element-3c4f33fc elementor-section-boxed elementor-section-height-default elementor-section-height-default\" data-id=\"3c4f33fc\" data-element_type=\"section\">\n\t\t\t\t\t\t<div class=\"elementor-container elementor-column-gap-default\">\n\t\t\t\t\t<div class=\"elementor-column elementor-col-50 elementor-inner-column elementor-element elementor-element-169458c9 my-auto pr-md-5\" data-id=\"169458c9\" data-element_type=\"column\">\n\t\t\t<div class=\"elementor-widget-wrap elementor-element-populated\">\n\t\t\t\t\t\t<div class=\"elementor-element elementor-element-2e9c5bea elementor-widget elementor-widget-text-editor\" data-id=\"2e9c5bea\" data-element_type=\"widget\" data-widget_type=\"text-editor.default\">\n\t\t\t\t<div class=\"elementor-widget-container\">\n\t\t\t\t\t\t\t\t\t<h2><b>Servizi logistici per aziende: la nostra politica per la qualit\u00e0<\/b><\/h2><p>Obiettivo: offrire <b>servizi logistici di alto livello<\/b> professionalmente e secondo le esigenze dei clienti.<\/p><p><strong>Principi<\/strong><\/p><ul><li>Miglioramento continuo<\/li><li>Comprensione e soddisfazione delle esigenze dei clienti<\/li><li>\u00a0Affidabilit\u00e0 dei servizi attraverso la selezione dei fornitori<\/li><li>Professionalit\u00e0 del nostro personale<\/li><li>Uso di soluzioni tecnologiche per una migliore gestione e tracciabilit\u00e0<\/li><li>Monitoraggio rigoroso per un miglioramento continuo<\/li><\/ul><p><strong>Certificazione<\/strong><\/p><p>Albatrans ha ottenuto la sua prima certificazione <a href=\"https:\/\/albatrans.com\/wp-content\/uploads\/2024\/01\/Albatrans-Italy-ISO-9001-2015-Quality-Management-System.pdf\" target=\"_blank\" rel=\"noopener\">UNI EN ISO9001-2015<\/a> (sistema di gestione della qualit\u00e0) in Italia il 1 giugno 1998.<\/p>\t\t\t\t\t\t\t\t<\/div>\n\t\t\t\t<\/div>\n\t\t\t\t<div class=\"elementor-element elementor-element-909ce9b elementor-widget elementor-widget-text-editor\" data-id=\"909ce9b\" data-element_type=\"widget\" data-widget_type=\"text-editor.default\">\n\t\t\t\t<div class=\"elementor-widget-container\">\n\t\t\t\t\t\t\t\t\t<h2><b>Servizi logistici per aziende: la nostra politica per l\u2019ambiente<\/b><\/h2><p>La <b>protezione dell&#8217;ambiente<\/b> in cui viviamo \u00e8 di fondamentale importanza, e il nostro obiettivo \u00e8 ridurre continuamente l&#8217;impatto ambientale derivante dalle nostre operazioni. In Albatrans, ci impegniamo a <b>minimizzare l&#8217;impatto ambientale<\/b> delle nostre attivit\u00e0. Come?<\/p><p>Scegliendo partner e metodi di trasporto con il minor impatto ambientale possibile.<\/p><ul><li>Preferendo documenti elettronici e riciclando carta e altri materiali, riducendo il consumo di elettricit\u00e0, acqua e gas. Investendo nella formazione interna per aumentare la consapevolezza ambientale del nostro personale.<\/li><li>Rispettando tutta la legislazione ambientale e aspettandoci lo stesso dai nostri fornitori.<\/li><li>Utilizzando un sistema IT che facilita il controllo e l&#8217;applicazione dei requisiti legali, ambientali e operativi per ogni processo aziendale.<\/li><li>Incorporando un calcolatore delle emissioni di CO2 nel nostro sistema, disponibile anche ai nostri clienti tramite il nostro sistema di tracciamento.<\/li><li>Crediamo che il contributo di tutti, per quanto piccolo, sia necessario per proteggere l&#8217;ecosistema terrestre. Pertanto, ci siamo uniti al <a href=\"https:\/\/www.treedom.net\/es\/organization\/albatrans-international-freight-forwarders\/event\/AlbatransForest\" target=\"_blank\" rel=\"noopener\">progetto di riforestazione di Treedom<\/a>, piantando un albero per ciascuno dei nostri dipendenti. Ci impegniamo a far crescere la foresta Albatrans nei prossimi anni con un programma continuativo.<\/li><\/ul><p><strong>Certificazione<\/strong><\/p><p>La nostra sede ha ottenuto la sua prima certificazione <a href=\"https:\/\/albatrans.com\/wp-content\/uploads\/2024\/01\/Albatrans-Italy-ISO-14001-2015-Environmental-Management-System.pdf\" target=\"_blank\" rel=\"noopener\">UNI EN ISO 14001:2015<\/a> (sistema di gestione ambientale) il 29 maggio 2019.<\/p>\t\t\t\t\t\t\t\t<\/div>\n\t\t\t\t<\/div>\n\t\t\t\t\t<\/div>\n\t\t<\/div>\n\t\t\t\t<div class=\"elementor-column elementor-col-50 elementor-inner-column elementor-element elementor-element-29df6f61\" data-id=\"29df6f61\" data-element_type=\"column\">\n\t\t\t<div class=\"elementor-widget-wrap elementor-element-populated\">\n\t\t\t\t\t\t<div class=\"elementor-element elementor-element-48130b2c img-bordo elementor-widget elementor-widget-image\" data-id=\"48130b2c\" data-element_type=\"widget\" data-widget_type=\"image.default\">\n\t\t\t\t<div class=\"elementor-widget-container\">\n\t\t\t\t\t\t\t\t\t\t\t\t\t\t\t<img fetchpriority=\"high\" decoding=\"async\" width=\"1000\" height=\"666\" src=\"https:\/\/albatrans.com\/wp-content\/uploads\/2023\/01\/Albatrans-ambiente2.jpg\" class=\"attachment-large size-large wp-image-1474\" alt=\"\" srcset=\"https:\/\/albatrans.com\/wp-content\/uploads\/2023\/01\/Albatrans-ambiente2.jpg 1000w, https:\/\/albatrans.com\/wp-content\/uploads\/2023\/01\/Albatrans-ambiente2-450x300.jpg 450w, https:\/\/albatrans.com\/wp-content\/uploads\/2023\/01\/Albatrans-ambiente2-768x511.jpg 768w\" sizes=\"(max-width: 1000px) 100vw, 1000px\" \/>\t\t\t\t\t\t\t\t\t\t\t\t\t\t\t<\/div>\n\t\t\t\t<\/div>\n\t\t\t\t<div class=\"elementor-element elementor-element-897ed6b img-bordo elementor-widget elementor-widget-image\" data-id=\"897ed6b\" data-element_type=\"widget\" data-widget_type=\"image.default\">\n\t\t\t\t<div class=\"elementor-widget-container\">\n\t\t\t\t\t\t\t\t\t\t\t\t\t\t\t<img decoding=\"async\" width=\"1000\" height=\"676\" src=\"https:\/\/albatrans.com\/wp-content\/uploads\/2023\/01\/Albatrans-ambiente3.jpg\" class=\"attachment-large size-large wp-image-1476\" alt=\"\" srcset=\"https:\/\/albatrans.com\/wp-content\/uploads\/2023\/01\/Albatrans-ambiente3.jpg 1000w, https:\/\/albatrans.com\/wp-content\/uploads\/2023\/01\/Albatrans-ambiente3-444x300.jpg 444w, https:\/\/albatrans.com\/wp-content\/uploads\/2023\/01\/Albatrans-ambiente3-768x519.jpg 768w\" sizes=\"(max-width: 1000px) 100vw, 1000px\" \/>\t\t\t\t\t\t\t\t\t\t\t\t\t\t\t<\/div>\n\t\t\t\t<\/div>\n\t\t\t\t<div class=\"elementor-element elementor-element-b6a5398 elementor-widget elementor-widget-text-editor\" data-id=\"b6a5398\" data-element_type=\"widget\" data-widget_type=\"text-editor.default\">\n\t\t\t\t<div class=\"elementor-widget-container\">\n\t\t\t\t\t\t\t\t\t<h2><b>Servizi Logistici per le Imprese: Responsabilit\u00e0 sociale d&#8217;impresa<\/b><\/h2><p>Crediamo che come azienda, abbiamo responsabilit\u00e0 che vanno oltre le mere attivit\u00e0 commerciali e gli obblighi imposti dalle leggi che le regolano.<\/p><p>Queste responsabilit\u00e0 riguardano le persone che lavorano con noi e le loro famiglie, cos\u00ec come la comunit\u00e0 locale in cui operiamo e di cui siamo parte integrante. Prestiamo particolare <b>attenzione al benessere dei nostri dipendenti<\/b>, non solo nel loro luogo di lavoro, ma offrendo servizi aggiuntivi legati alla salute, con programmi estesi ad altri membri delle loro famiglie.<\/p><p>La nostra sede ha ricevuto la sua prima valutazione di Responsabilit\u00e0 Sociale d&#8217;Impresa EcoVadis nel 2019.<\/p>\t\t\t\t\t\t\t\t<\/div>\n\t\t\t\t<\/div>\n\t\t\t\t<div class=\"elementor-element elementor-element-3a70006 img-bordo elementor-widget elementor-widget-image\" data-id=\"3a70006\" data-element_type=\"widget\" data-widget_type=\"image.default\">\n\t\t\t\t<div class=\"elementor-widget-container\">\n\t\t\t\t\t\t\t\t\t\t\t\t\t\t\t<img decoding=\"async\" src=\"https:\/\/albatrans.com\/wp-content\/uploads\/elementor\/thumbs\/treedom-albatrans-q44m3ucln46ean743mfp9pb5lbaz2xe3lq04a45lc0.jpg\" title=\"treedom-albatrans\" alt=\"treedom-albatrans\" loading=\"lazy\" \/>\t\t\t\t\t\t\t\t\t\t\t\t\t\t\t<\/div>\n\t\t\t\t<\/div>\n\t\t\t\t\t<\/div>\n\t\t<\/div>\n\t\t\t\t\t<\/div>\n\t\t<\/section>\n\t\t\t\t\t<\/div>\n\t\t<\/div>\n\t\t\t\t\t<\/div>\n\t\t<\/section>\n\t\t\t\t<\/div>\n\t\t","protected":false},"excerpt":{"rendered":"<p>Servizi logistici per aziende: la nostra politica per la qualit\u00e0 Obiettivo: offrire servizi logistici di alto livello professionalmente e secondo le esigenze dei clienti. Principi Miglioramento continuo Comprensione e soddisfazione delle esigenze dei clienti \u00a0Affidabilit\u00e0 dei servizi attraverso la selezione dei fornitori Professionalit\u00e0 del nostro personale Uso di soluzioni tecnologiche per una migliore gestione e&#8230;<\/p>\n","protected":false},"author":1,"featured_media":857,"parent":0,"menu_order":0,"comment_status":"closed","ping_status":"closed","template":"","meta":{"_acf_changed":false,"footnotes":""},"class_list":["post-48","page","type-page","status-publish","has-post-thumbnail","hentry"],"acf":[],"yoast_head":"<!-- This site is optimized with the Yoast SEO plugin v25.7 - https:\/\/yoast.com\/wordpress\/plugins\/seo\/ -->\n<title>Servizi Logistici per Aziende, Spedizioni di qualit\u00e0 - Albatrans<\/title>\n<meta name=\"description\" content=\"Obiettivo di Albatrans: offrire servizi logistici di alto livello professionalmente e secondo le esigenze dei clienti. Contattaci!\" \/>\n<meta name=\"robots\" content=\"index, follow, max-snippet:-1, max-image-preview:large, max-video-preview:-1\" \/>\n<link rel=\"canonical\" href=\"https:\/\/albatrans.com\/it\/qualita-ambiente\/\" \/>\n<meta property=\"og:locale\" content=\"it_IT\" \/>\n<meta property=\"og:type\" content=\"article\" \/>\n<meta property=\"og:title\" content=\"Servizi Logistici per Aziende, Spedizioni di qualit\u00e0 - Albatrans\" \/>\n<meta property=\"og:description\" content=\"Obiettivo di Albatrans: offrire servizi logistici di alto livello professionalmente e secondo le esigenze dei clienti. Contattaci!\" \/>\n<meta property=\"og:url\" content=\"https:\/\/albatrans.com\/it\/qualita-ambiente\/\" \/>\n<meta property=\"og:site_name\" content=\"Albatrans\" \/>\n<meta property=\"article:modified_time\" content=\"2024-01-22T19:12:01+00:00\" \/>\n<meta property=\"og:image\" content=\"https:\/\/albatrans.com\/wp-content\/uploads\/2023\/01\/AdobeStock_386502382_Preview.jpg\" \/>\n\t<meta property=\"og:image:width\" content=\"1920\" \/>\n\t<meta property=\"og:image:height\" content=\"357\" \/>\n\t<meta property=\"og:image:type\" content=\"image\/jpeg\" \/>\n<meta name=\"twitter:card\" content=\"summary_large_image\" \/>\n<meta name=\"twitter:label1\" content=\"Tempo di lettura stimato\" \/>\n\t<meta name=\"twitter:data1\" content=\"3 minuti\" \/>\n<script type=\"application\/ld+json\" class=\"yoast-schema-graph\">{\"@context\":\"https:\/\/schema.org\",\"@graph\":[{\"@type\":\"WebPage\",\"@id\":\"https:\/\/albatrans.com\/it\/qualita-ambiente\/\",\"url\":\"https:\/\/albatrans.com\/it\/qualita-ambiente\/\",\"name\":\"Servizi Logistici per Aziende, Spedizioni di qualit\u00e0 - Albatrans\",\"isPartOf\":{\"@id\":\"https:\/\/albatrans.com\/it\/#website\"},\"primaryImageOfPage\":{\"@id\":\"https:\/\/albatrans.com\/it\/qualita-ambiente\/#primaryimage\"},\"image\":{\"@id\":\"https:\/\/albatrans.com\/it\/qualita-ambiente\/#primaryimage\"},\"thumbnailUrl\":\"https:\/\/albatrans.com\/wp-content\/uploads\/2023\/01\/AdobeStock_386502382_Preview.jpg\",\"datePublished\":\"2022-12-03T14:27:29+00:00\",\"dateModified\":\"2024-01-22T19:12:01+00:00\",\"description\":\"Obiettivo di Albatrans: offrire servizi logistici di alto livello professionalmente e secondo le esigenze dei clienti. Contattaci!\",\"breadcrumb\":{\"@id\":\"https:\/\/albatrans.com\/it\/qualita-ambiente\/#breadcrumb\"},\"inLanguage\":\"it-IT\",\"potentialAction\":[{\"@type\":\"ReadAction\",\"target\":[\"https:\/\/albatrans.com\/it\/qualita-ambiente\/\"]}]},{\"@type\":\"ImageObject\",\"inLanguage\":\"it-IT\",\"@id\":\"https:\/\/albatrans.com\/it\/qualita-ambiente\/#primaryimage\",\"url\":\"https:\/\/albatrans.com\/wp-content\/uploads\/2023\/01\/AdobeStock_386502382_Preview.jpg\",\"contentUrl\":\"https:\/\/albatrans.com\/wp-content\/uploads\/2023\/01\/AdobeStock_386502382_Preview.jpg\",\"width\":1920,\"height\":357},{\"@type\":\"BreadcrumbList\",\"@id\":\"https:\/\/albatrans.com\/it\/qualita-ambiente\/#breadcrumb\",\"itemListElement\":[{\"@type\":\"ListItem\",\"position\":1,\"name\":\"Home\",\"item\":\"https:\/\/albatrans.com\/it\/\"},{\"@type\":\"ListItem\",\"position\":2,\"name\":\"Qualit\u00e0 &#038; ambiente\"}]},{\"@type\":\"WebSite\",\"@id\":\"https:\/\/albatrans.com\/it\/#website\",\"url\":\"https:\/\/albatrans.com\/it\/\",\"name\":\"Albatrans\",\"description\":\"Professional service, Personal touch\",\"publisher\":{\"@id\":\"https:\/\/albatrans.com\/it\/#organization\"},\"potentialAction\":[{\"@type\":\"SearchAction\",\"target\":{\"@type\":\"EntryPoint\",\"urlTemplate\":\"https:\/\/albatrans.com\/it\/?s={search_term_string}\"},\"query-input\":{\"@type\":\"PropertyValueSpecification\",\"valueRequired\":true,\"valueName\":\"search_term_string\"}}],\"inLanguage\":\"it-IT\"},{\"@type\":\"Organization\",\"@id\":\"https:\/\/albatrans.com\/it\/#organization\",\"name\":\"Albatrans\",\"url\":\"https:\/\/albatrans.com\/it\/\",\"logo\":{\"@type\":\"ImageObject\",\"inLanguage\":\"it-IT\",\"@id\":\"https:\/\/albatrans.com\/it\/#\/schema\/logo\/image\/\",\"url\":\"https:\/\/albatrans.com\/wp-content\/uploads\/2022\/12\/logo.svg\",\"contentUrl\":\"https:\/\/albatrans.com\/wp-content\/uploads\/2022\/12\/logo.svg\",\"width\":416,\"height\":109,\"caption\":\"Albatrans\"},\"image\":{\"@id\":\"https:\/\/albatrans.com\/it\/#\/schema\/logo\/image\/\"}}]}<\/script>\n<!-- \/ Yoast SEO plugin. -->","yoast_head_json":{"title":"Servizi Logistici per Aziende, Spedizioni di qualit\u00e0 - Albatrans","description":"Obiettivo di Albatrans: offrire servizi logistici di alto livello professionalmente e secondo le esigenze dei clienti. Contattaci!","robots":{"index":"index","follow":"follow","max-snippet":"max-snippet:-1","max-image-preview":"max-image-preview:large","max-video-preview":"max-video-preview:-1"},"canonical":"https:\/\/albatrans.com\/it\/qualita-ambiente\/","og_locale":"it_IT","og_type":"article","og_title":"Servizi Logistici per Aziende, Spedizioni di qualit\u00e0 - Albatrans","og_description":"Obiettivo di Albatrans: offrire servizi logistici di alto livello professionalmente e secondo le esigenze dei clienti. Contattaci!","og_url":"https:\/\/albatrans.com\/it\/qualita-ambiente\/","og_site_name":"Albatrans","article_modified_time":"2024-01-22T19:12:01+00:00","og_image":[{"width":1920,"height":357,"url":"https:\/\/albatrans.com\/wp-content\/uploads\/2023\/01\/AdobeStock_386502382_Preview.jpg","type":"image\/jpeg"}],"twitter_card":"summary_large_image","twitter_misc":{"Tempo di lettura stimato":"3 minuti"},"schema":{"@context":"https:\/\/schema.org","@graph":[{"@type":"WebPage","@id":"https:\/\/albatrans.com\/it\/qualita-ambiente\/","url":"https:\/\/albatrans.com\/it\/qualita-ambiente\/","name":"Servizi Logistici per Aziende, Spedizioni di qualit\u00e0 - Albatrans","isPartOf":{"@id":"https:\/\/albatrans.com\/it\/#website"},"primaryImageOfPage":{"@id":"https:\/\/albatrans.com\/it\/qualita-ambiente\/#primaryimage"},"image":{"@id":"https:\/\/albatrans.com\/it\/qualita-ambiente\/#primaryimage"},"thumbnailUrl":"https:\/\/albatrans.com\/wp-content\/uploads\/2023\/01\/AdobeStock_386502382_Preview.jpg","datePublished":"2022-12-03T14:27:29+00:00","dateModified":"2024-01-22T19:12:01+00:00","description":"Obiettivo di Albatrans: offrire servizi logistici di alto livello professionalmente e secondo le esigenze dei clienti. Contattaci!","breadcrumb":{"@id":"https:\/\/albatrans.com\/it\/qualita-ambiente\/#breadcrumb"},"inLanguage":"it-IT","potentialAction":[{"@type":"ReadAction","target":["https:\/\/albatrans.com\/it\/qualita-ambiente\/"]}]},{"@type":"ImageObject","inLanguage":"it-IT","@id":"https:\/\/albatrans.com\/it\/qualita-ambiente\/#primaryimage","url":"https:\/\/albatrans.com\/wp-content\/uploads\/2023\/01\/AdobeStock_386502382_Preview.jpg","contentUrl":"https:\/\/albatrans.com\/wp-content\/uploads\/2023\/01\/AdobeStock_386502382_Preview.jpg","width":1920,"height":357},{"@type":"BreadcrumbList","@id":"https:\/\/albatrans.com\/it\/qualita-ambiente\/#breadcrumb","itemListElement":[{"@type":"ListItem","position":1,"name":"Home","item":"https:\/\/albatrans.com\/it\/"},{"@type":"ListItem","position":2,"name":"Qualit\u00e0 &#038; ambiente"}]},{"@type":"WebSite","@id":"https:\/\/albatrans.com\/it\/#website","url":"https:\/\/albatrans.com\/it\/","name":"Albatrans","description":"Professional service, Personal touch","publisher":{"@id":"https:\/\/albatrans.com\/it\/#organization"},"potentialAction":[{"@type":"SearchAction","target":{"@type":"EntryPoint","urlTemplate":"https:\/\/albatrans.com\/it\/?s={search_term_string}"},"query-input":{"@type":"PropertyValueSpecification","valueRequired":true,"valueName":"search_term_string"}}],"inLanguage":"it-IT"},{"@type":"Organization","@id":"https:\/\/albatrans.com\/it\/#organization","name":"Albatrans","url":"https:\/\/albatrans.com\/it\/","logo":{"@type":"ImageObject","inLanguage":"it-IT","@id":"https:\/\/albatrans.com\/it\/#\/schema\/logo\/image\/","url":"https:\/\/albatrans.com\/wp-content\/uploads\/2022\/12\/logo.svg","contentUrl":"https:\/\/albatrans.com\/wp-content\/uploads\/2022\/12\/logo.svg","width":416,"height":109,"caption":"Albatrans"},"image":{"@id":"https:\/\/albatrans.com\/it\/#\/schema\/logo\/image\/"}}]}},"_links":{"self":[{"href":"https:\/\/albatrans.com\/it\/wp-json\/wp\/v2\/pages\/48","targetHints":{"allow":["GET"]}}],"collection":[{"href":"https:\/\/albatrans.com\/it\/wp-json\/wp\/v2\/pages"}],"about":[{"href":"https:\/\/albatrans.com\/it\/wp-json\/wp\/v2\/types\/page"}],"author":[{"embeddable":true,"href":"https:\/\/albatrans.com\/it\/wp-json\/wp\/v2\/users\/1"}],"replies":[{"embeddable":true,"href":"https:\/\/albatrans.com\/it\/wp-json\/wp\/v2\/comments?post=48"}],"version-history":[{"count":82,"href":"https:\/\/albatrans.com\/it\/wp-json\/wp\/v2\/pages\/48\/revisions"}],"predecessor-version":[{"id":3975,"href":"https:\/\/albatrans.com\/it\/wp-json\/wp\/v2\/pages\/48\/revisions\/3975"}],"wp:featuredmedia":[{"embeddable":true,"href":"https:\/\/albatrans.com\/it\/wp-json\/wp\/v2\/media\/857"}],"wp:attachment":[{"href":"https:\/\/albatrans.com\/it\/wp-json\/wp\/v2\/media?parent=48"}],"curies":[{"name":"wp","href":"https:\/\/api.w.org\/{rel}","templated":true}]}}