{"id":3612,"date":"2024-01-04T11:05:34","date_gmt":"2024-01-04T09:05:34","guid":{"rendered":"https:\/\/demo-dirweb.it\/albatrans\/?page_id=3612"},"modified":"2024-01-04T11:06:09","modified_gmt":"2024-01-04T09:06:09","slug":"informativa-cliente-fornitore","status":"publish","type":"page","link":"https:\/\/albatrans.com\/it\/etica-privacy\/informativa-cliente-fornitore\/","title":{"rendered":"Informativa cliente fornitore"},"content":{"rendered":"\t\t<div data-elementor-type=\"wp-post\" data-elementor-id=\"3612\" class=\"elementor elementor-3612\" data-elementor-post-type=\"page\">\n\t\t\t\t\t\t<section class=\"elementor-section elementor-top-section elementor-element elementor-element-7c56657 py-5 elementor-section-boxed elementor-section-height-default elementor-section-height-default\" data-id=\"7c56657\" data-element_type=\"section\">\n\t\t\t\t\t\t<div class=\"elementor-container elementor-column-gap-default\">\n\t\t\t\t\t<div class=\"elementor-column elementor-col-100 elementor-top-column elementor-element elementor-element-f2c44a2\" data-id=\"f2c44a2\" data-element_type=\"column\">\n\t\t\t<div class=\"elementor-widget-wrap elementor-element-populated\">\n\t\t\t\t\t\t<div class=\"elementor-element elementor-element-dfad99c elementor-widget elementor-widget-text-editor\" data-id=\"dfad99c\" data-element_type=\"widget\" data-widget_type=\"text-editor.default\">\n\t\t\t\t<div class=\"elementor-widget-container\">\n\t\t\t\t\t\t\t\t\t<h3>Informativa in materia di Protezione dei Dati Personali<\/h3><p>La societ\u00e0 Albatrans S.p.A., con sede legale in Scandicci (Fi), Via del Botteghino n\u00b0 19, nella sua qualit\u00e0 di Titolare del trattamento dei dati, in persona del legale rappresentante pro-tempore, informa gli interessati su quali siano le finalit\u00e0 e modalit\u00e0 del trattamento dei dati personali raccolti, il loro ambito di comunicazione e diffusione, oltre alla natura del loro conferimento.<\/p><h4>Modalit\u00e0 di rilascio dell\u2019Informativa<\/h4><p>Ai sensi e per gli effetti della normativa nazionale ed europea in materia di protezione dei dati personali (per tale intendendosi il Regolamento UE 2016\/679 del Parlamento Europeo e del Consiglio del 27 aprile 2016 relativo alla protezione delle persone fisiche con riguardo al trattamento dei dati personali, nonch\u00e9 alla libera circolazione di tali dati (GDPR), il D.Lgs. n. 196\/2003, nonch\u00e9 qualsiasi altra normativa sulla protezione dei dati personali applicabile in Italia, ivi compresi i provvedimenti del Garante), di seguito per brevit\u00e0 anche \u201cNormativa Privacy\u201d, la societ\u00e0 Albatrans S.p.A. intende assolvere all\u2019obbligo di cui all\u2019art.13 del GDPR mediante il rilascio dell\u2019informativa, al cliente \u2013 fornitore persona fisica. La presente informativa consultabile sul sito web della societ\u00e0 \u00e8 richiamata all\u2019interno della corrispondenza elettronica.<\/p><h4>Categoria di Dati<\/h4><p>I trattamenti effettuati dalla Societ\u00e0 hanno ad oggetto dati personali ed eventualmente dati relativi a condanne penali e reati di cui all\u2019art. 10 del GDPR, anche riferiti a terzi o provenienti da terzi, nella loro eventuale qualit\u00e0 di delegati autorizzati dallo stesso interessato.<\/p><h4>Finalit\u00e0 del Trattamento<\/h4><p>I dati di cui sopra sono trattati per l\u2019esecuzione di obblighi precontrattuali, contrattuali e legali connessi al rapporto in essere, ed in particolare per la gestione di ordinativi, approvvigionamento di merce o prestazioni di servizi, anche professionali, e per altre attivit\u00e0 quali l\u2019archiviazione, la fatturazione, l\u2019elaborazione, nonch\u00e9 l\u2019invio di messaggi informativi in ordine ai servizi resi dal Titolare in virt\u00f9 del rapporto in essere, nel completo rispetto dei principi della correttezza e della liceit\u00e0 del trattamento nonch\u00e9 delle disposizioni di legge.<\/p><h4>Modalit\u00e0 di Trattamento dei Dati<\/h4><p>Il trattamento dei dati e\u0300 eseguito attraverso procedure informatiche o comunque mezzi telematici o supporti cartacei ad opera di soggetti interni appositamente incaricati. I dati sono conservati in archivi cartacei, informatici e telematici e sono assicurate le misure di sicurezza minime previste dal legislatore.<\/p><h4>Comunicazione e Diffusione<\/h4><p>I dati personali non saranno diffusi, venduti o scambiati con soggetti terzi senza il consenso espresso dell\u2019interessato, fatte salve le comunicazioni alle societ\u00e0 del gruppo consentite per legge e quelle a terzi autorizzati, ove queste siano necessarie per lo svolgimento di attivit\u00e0 funzionali a quelle svolte dalla Societ\u00e0, quali quelle amministrative, contabili e fiscali e salvo ci\u00f2 sia indispensabile al fine dell\u2019 esecuzione degli obblighi assunti dalle parti. In tal caso l\u2019utilizzo da parte dei terzi avverr\u00e0 nel completo rispetto del principio della correttezza e della normativa vigente. I dati personali saranno accessibili ai dipendenti ed ai collaboratori e consulenti del Titolare specificamente autorizzati al trattamento.<\/p><h4>Trasferimento all\u2019Estero<\/h4><p>Per il perseguimento delle finalit\u00e0 di cui sopra, \u00e8 prevista la possibilit\u00e0 di trasferimenti di dati personali a societ\u00e0 del gruppo situate all\u2019estero. Si segnala che alcuni Paesi non offrono la medesima tutela legale per il trattamento dei dati personali. In tali casi, la societ\u00e0 si impegna ad assicurare la presenza di garanzie adeguate per la protezione dei dati personali in ossequio alla normativa vigente e a dare tempestiva comunicazione all\u2019interessato delle summenzionate garanzie.<\/p><h4>Diritti dell\u2019Interessato<\/h4><p>L\u2019interessato potr\u00e0 far valere, ai sensi degli artt. 15 e ss. del GDPR, specifici diritti tra cui:<\/p><ol><li>diritto di ottenere conferma che sia o meno in corso un trattamento di dati personali;<\/li><li>diritto di accesso ai dati personali e alle seguenti informazioni (finalit\u00e0 del trattamento a cui sono destinati i dati personali, le categorie dei dati, i destinatari dei dati, il periodo di conservazione etc.);<\/li><li>diritto di chiedere la rettifica o la limitazione al trattamento dei dati;<\/li><li>diritto di ottenere la cancellazione dei dati personali se sussistenti i motivi;<\/li><li>diritto di proporre reclamo ad un\u2019autorit\u00e0 di controllo.<\/li><\/ol><p>Al fine di consentire l\u2019esercizio dei diritti ai sensi della Normativa Privacy, il Titolare mette a disposizione l\u2019indirizzo:\u00a0<a href=\"mailto:privacy@albatrans.com\">privacy@albatrans.com<\/a>.<\/p><h4>Titolare<\/h4><p>Il Titolare del trattamento e\u0300 la societ\u00e0 Albatrans S.p.A., con sede legale in Scandicci, via del Botteghino n\u00b0 19.<\/p><h4>Tempi di Conservazione<\/h4><p>I dati personali saranno conservati dal Titolare nel pieno rispetto dei principi di necessit\u00e0, minimizzazione, limitazione della conservazione, mediante l\u2019adozione di misure tecniche e organizzative adeguate al livello di rischio dei trattamenti, per il tempo strettamente necessario con riguardo a rapporto contrattuale, nonch\u00e9, successivamente, per l\u2019espletamento di tutti gli obblighi legali connessi o derivanti dal contratto.<\/p><h4>Natura del Conferimento e base giuridica del Trattamento<\/h4><p>Il conferimento dei predetti dati risulta necessario e l\u2019eventuale rifiuto di fornirli comporta l\u2019impossibilita\u0300 per il Titolare di dar corso pienamente a tutte le attivit\u00e0 necessarie o funzionali al rapporto e di adempiere agli obblighi ad esso connessi.<\/p><p>I trattamenti effettuati dal Titolare per le finalit\u00e0 di cui sopra trovano il proprio fondamento nell\u2019esecuzione dei rapporti contrattuali in essere nonch\u00e9 nell\u2019adempimento degli obblighi legali ai quali \u00e8 soggetto il Titolare del trattamento.<\/p>\t\t\t\t\t\t\t\t<\/div>\n\t\t\t\t<\/div>\n\t\t\t\t\t<\/div>\n\t\t<\/div>\n\t\t\t\t\t<\/div>\n\t\t<\/section>\n\t\t\t\t<\/div>\n\t\t","protected":false},"excerpt":{"rendered":"<p>Informativa in materia di Protezione dei Dati Personali La societ\u00e0 Albatrans S.p.A., con sede legale in Scandicci (Fi), Via del Botteghino n\u00b0 19, nella sua qualit\u00e0 di Titolare del trattamento dei dati, in persona del legale rappresentante pro-tempore, informa gli interessati su quali siano le finalit\u00e0 e modalit\u00e0 del trattamento dei dati personali raccolti, il&#8230;<\/p>\n","protected":false},"author":1,"featured_media":0,"parent":50,"menu_order":0,"comment_status":"closed","ping_status":"closed","template":"","meta":{"_acf_changed":false,"footnotes":""},"class_list":["post-3612","page","type-page","status-publish","hentry"],"acf":[],"yoast_head":"<!-- This site is optimized with the Yoast SEO plugin v25.7 - https:\/\/yoast.com\/wordpress\/plugins\/seo\/ -->\n<title>Informativa cliente fornitore - Albatrans<\/title>\n<meta name=\"robots\" content=\"index, follow, max-snippet:-1, max-image-preview:large, max-video-preview:-1\" \/>\n<link rel=\"canonical\" href=\"https:\/\/albatrans.com\/it\/etica-privacy\/informativa-cliente-fornitore\/\" \/>\n<meta property=\"og:locale\" content=\"it_IT\" \/>\n<meta property=\"og:type\" content=\"article\" \/>\n<meta property=\"og:title\" content=\"Informativa cliente fornitore - Albatrans\" \/>\n<meta property=\"og:description\" content=\"Informativa in materia di Protezione dei Dati Personali La societ\u00e0 Albatrans S.p.A., con sede legale in Scandicci (Fi), Via del Botteghino n\u00b0 19, nella sua qualit\u00e0 di Titolare del trattamento dei dati, in persona del legale rappresentante pro-tempore, informa gli interessati su quali siano le finalit\u00e0 e modalit\u00e0 del trattamento dei dati personali raccolti, il...\" \/>\n<meta property=\"og:url\" content=\"https:\/\/albatrans.com\/it\/etica-privacy\/informativa-cliente-fornitore\/\" \/>\n<meta property=\"og:site_name\" content=\"Albatrans\" \/>\n<meta property=\"article:modified_time\" content=\"2024-01-04T09:06:09+00:00\" \/>\n<meta name=\"twitter:card\" content=\"summary_large_image\" \/>\n<meta name=\"twitter:label1\" content=\"Tempo di lettura stimato\" \/>\n\t<meta name=\"twitter:data1\" content=\"5 minuti\" \/>\n<script type=\"application\/ld+json\" class=\"yoast-schema-graph\">{\"@context\":\"https:\/\/schema.org\",\"@graph\":[{\"@type\":\"WebPage\",\"@id\":\"https:\/\/albatrans.com\/it\/etica-privacy\/informativa-cliente-fornitore\/\",\"url\":\"https:\/\/albatrans.com\/it\/etica-privacy\/informativa-cliente-fornitore\/\",\"name\":\"Informativa cliente fornitore - Albatrans\",\"isPartOf\":{\"@id\":\"https:\/\/albatrans.com\/it\/#website\"},\"datePublished\":\"2024-01-04T09:05:34+00:00\",\"dateModified\":\"2024-01-04T09:06:09+00:00\",\"breadcrumb\":{\"@id\":\"https:\/\/albatrans.com\/it\/etica-privacy\/informativa-cliente-fornitore\/#breadcrumb\"},\"inLanguage\":\"it-IT\",\"potentialAction\":[{\"@type\":\"ReadAction\",\"target\":[\"https:\/\/albatrans.com\/it\/etica-privacy\/informativa-cliente-fornitore\/\"]}]},{\"@type\":\"BreadcrumbList\",\"@id\":\"https:\/\/albatrans.com\/it\/etica-privacy\/informativa-cliente-fornitore\/#breadcrumb\",\"itemListElement\":[{\"@type\":\"ListItem\",\"position\":1,\"name\":\"Home\",\"item\":\"https:\/\/albatrans.com\/it\/\"},{\"@type\":\"ListItem\",\"position\":2,\"name\":\"Etica &#038; privacy\",\"item\":\"https:\/\/albatrans.com\/it\/ethics-privacy\/\"},{\"@type\":\"ListItem\",\"position\":3,\"name\":\"Informativa cliente fornitore\"}]},{\"@type\":\"WebSite\",\"@id\":\"https:\/\/albatrans.com\/it\/#website\",\"url\":\"https:\/\/albatrans.com\/it\/\",\"name\":\"Albatrans\",\"description\":\"Professional service, Personal touch\",\"publisher\":{\"@id\":\"https:\/\/albatrans.com\/it\/#organization\"},\"potentialAction\":[{\"@type\":\"SearchAction\",\"target\":{\"@type\":\"EntryPoint\",\"urlTemplate\":\"https:\/\/albatrans.com\/it\/?s={search_term_string}\"},\"query-input\":{\"@type\":\"PropertyValueSpecification\",\"valueRequired\":true,\"valueName\":\"search_term_string\"}}],\"inLanguage\":\"it-IT\"},{\"@type\":\"Organization\",\"@id\":\"https:\/\/albatrans.com\/it\/#organization\",\"name\":\"Albatrans\",\"url\":\"https:\/\/albatrans.com\/it\/\",\"logo\":{\"@type\":\"ImageObject\",\"inLanguage\":\"it-IT\",\"@id\":\"https:\/\/albatrans.com\/it\/#\/schema\/logo\/image\/\",\"url\":\"https:\/\/albatrans.com\/wp-content\/uploads\/2022\/12\/logo.svg\",\"contentUrl\":\"https:\/\/albatrans.com\/wp-content\/uploads\/2022\/12\/logo.svg\",\"width\":416,\"height\":109,\"caption\":\"Albatrans\"},\"image\":{\"@id\":\"https:\/\/albatrans.com\/it\/#\/schema\/logo\/image\/\"}}]}<\/script>\n<!-- \/ Yoast SEO plugin. -->","yoast_head_json":{"title":"Informativa cliente fornitore - Albatrans","robots":{"index":"index","follow":"follow","max-snippet":"max-snippet:-1","max-image-preview":"max-image-preview:large","max-video-preview":"max-video-preview:-1"},"canonical":"https:\/\/albatrans.com\/it\/etica-privacy\/informativa-cliente-fornitore\/","og_locale":"it_IT","og_type":"article","og_title":"Informativa cliente fornitore - Albatrans","og_description":"Informativa in materia di Protezione dei Dati Personali La societ\u00e0 Albatrans S.p.A., con sede legale in Scandicci (Fi), Via del Botteghino n\u00b0 19, nella sua qualit\u00e0 di Titolare del trattamento dei dati, in persona del legale rappresentante pro-tempore, informa gli interessati su quali siano le finalit\u00e0 e modalit\u00e0 del trattamento dei dati personali raccolti, il...","og_url":"https:\/\/albatrans.com\/it\/etica-privacy\/informativa-cliente-fornitore\/","og_site_name":"Albatrans","article_modified_time":"2024-01-04T09:06:09+00:00","twitter_card":"summary_large_image","twitter_misc":{"Tempo di lettura stimato":"5 minuti"},"schema":{"@context":"https:\/\/schema.org","@graph":[{"@type":"WebPage","@id":"https:\/\/albatrans.com\/it\/etica-privacy\/informativa-cliente-fornitore\/","url":"https:\/\/albatrans.com\/it\/etica-privacy\/informativa-cliente-fornitore\/","name":"Informativa cliente fornitore - Albatrans","isPartOf":{"@id":"https:\/\/albatrans.com\/it\/#website"},"datePublished":"2024-01-04T09:05:34+00:00","dateModified":"2024-01-04T09:06:09+00:00","breadcrumb":{"@id":"https:\/\/albatrans.com\/it\/etica-privacy\/informativa-cliente-fornitore\/#breadcrumb"},"inLanguage":"it-IT","potentialAction":[{"@type":"ReadAction","target":["https:\/\/albatrans.com\/it\/etica-privacy\/informativa-cliente-fornitore\/"]}]},{"@type":"BreadcrumbList","@id":"https:\/\/albatrans.com\/it\/etica-privacy\/informativa-cliente-fornitore\/#breadcrumb","itemListElement":[{"@type":"ListItem","position":1,"name":"Home","item":"https:\/\/albatrans.com\/it\/"},{"@type":"ListItem","position":2,"name":"Etica &#038; privacy","item":"https:\/\/albatrans.com\/it\/ethics-privacy\/"},{"@type":"ListItem","position":3,"name":"Informativa cliente fornitore"}]},{"@type":"WebSite","@id":"https:\/\/albatrans.com\/it\/#website","url":"https:\/\/albatrans.com\/it\/","name":"Albatrans","description":"Professional service, Personal touch","publisher":{"@id":"https:\/\/albatrans.com\/it\/#organization"},"potentialAction":[{"@type":"SearchAction","target":{"@type":"EntryPoint","urlTemplate":"https:\/\/albatrans.com\/it\/?s={search_term_string}"},"query-input":{"@type":"PropertyValueSpecification","valueRequired":true,"valueName":"search_term_string"}}],"inLanguage":"it-IT"},{"@type":"Organization","@id":"https:\/\/albatrans.com\/it\/#organization","name":"Albatrans","url":"https:\/\/albatrans.com\/it\/","logo":{"@type":"ImageObject","inLanguage":"it-IT","@id":"https:\/\/albatrans.com\/it\/#\/schema\/logo\/image\/","url":"https:\/\/albatrans.com\/wp-content\/uploads\/2022\/12\/logo.svg","contentUrl":"https:\/\/albatrans.com\/wp-content\/uploads\/2022\/12\/logo.svg","width":416,"height":109,"caption":"Albatrans"},"image":{"@id":"https:\/\/albatrans.com\/it\/#\/schema\/logo\/image\/"}}]}},"_links":{"self":[{"href":"https:\/\/albatrans.com\/it\/wp-json\/wp\/v2\/pages\/3612","targetHints":{"allow":["GET"]}}],"collection":[{"href":"https:\/\/albatrans.com\/it\/wp-json\/wp\/v2\/pages"}],"about":[{"href":"https:\/\/albatrans.com\/it\/wp-json\/wp\/v2\/types\/page"}],"author":[{"embeddable":true,"href":"https:\/\/albatrans.com\/it\/wp-json\/wp\/v2\/users\/1"}],"replies":[{"embeddable":true,"href":"https:\/\/albatrans.com\/it\/wp-json\/wp\/v2\/comments?post=3612"}],"version-history":[{"count":4,"href":"https:\/\/albatrans.com\/it\/wp-json\/wp\/v2\/pages\/3612\/revisions"}],"predecessor-version":[{"id":3617,"href":"https:\/\/albatrans.com\/it\/wp-json\/wp\/v2\/pages\/3612\/revisions\/3617"}],"up":[{"embeddable":true,"href":"https:\/\/albatrans.com\/it\/wp-json\/wp\/v2\/pages\/50"}],"wp:attachment":[{"href":"https:\/\/albatrans.com\/it\/wp-json\/wp\/v2\/media?parent=3612"}],"curies":[{"name":"wp","href":"https:\/\/api.w.org\/{rel}","templated":true}]}}